{"id":1371,"date":"2019-03-05T17:12:20","date_gmt":"2019-03-05T17:12:20","guid":{"rendered":"https:\/\/www.ustecgroup.com\/magazine\/"},"modified":"2023-02-27T13:36:52","modified_gmt":"2023-02-27T13:36:52","slug":"magazine","status":"publish","type":"page","link":"https:\/\/www.ustecgroup.com\/fr\/magazine\/","title":{"rendered":"Magazine"},"content":{"rendered":"","protected":false},"excerpt":{"rendered":"","protected":false},"author":1,"featured_media":1672,"parent":0,"menu_order":0,"comment_status":"closed","ping_status":"closed","template":"template-magazine.php","meta":[],"yoast_head":"<!-- This site is optimized with the Yoast SEO plugin v17.4 - https:\/\/yoast.com\/wordpress\/plugins\/seo\/ -->\n<title>Magazine | Ustecgroup<\/title>\n<meta name=\"description\" content=\"Nouveaut\u00e9s produits, \u00e9v\u00e9nements et promotions, d\u00e9couvrez tout sur nous \u00e0 travers notre magazine d&#039;entreprise.\" \/>\n<meta name=\"robots\" content=\"index, follow, max-snippet:-1, max-image-preview:large, max-video-preview:-1\" \/>\n<link rel=\"canonical\" href=\"https:\/\/www.ustecgroup.com\/fr\/magazine\/\" \/>\n<meta property=\"og:locale\" content=\"fr_FR\" \/>\n<meta property=\"og:type\" content=\"article\" \/>\n<meta property=\"og:title\" content=\"Magazine | Ustecgroup\" \/>\n<meta property=\"og:description\" content=\"Nouveaut\u00e9s produits, \u00e9v\u00e9nements et promotions, d\u00e9couvrez tout sur nous \u00e0 travers notre magazine d&#039;entreprise.\" \/>\n<meta property=\"og:url\" content=\"https:\/\/www.ustecgroup.com\/fr\/magazine\/\" \/>\n<meta property=\"og:site_name\" content=\"Ustecgroup\" \/>\n<meta property=\"article:modified_time\" content=\"2023-02-27T13:36:52+00:00\" \/>\n<meta property=\"og:image\" content=\"https:\/\/www.ustecgroup.com\/wp-content\/uploads\/sites\/8\/2023\/02\/magazine-header-2.jpg\" \/>\n\t<meta property=\"og:image:width\" content=\"1920\" \/>\n\t<meta property=\"og:image:height\" content=\"400\" \/>\n<meta name=\"twitter:card\" content=\"summary_large_image\" \/>\n<script type=\"application\/ld+json\" class=\"yoast-schema-graph\">{\"@context\":\"https:\/\/schema.org\",\"@graph\":[{\"@type\":\"Organization\",\"@id\":\"https:\/\/www.ustecgroup.com\/it\/#organization\",\"name\":\"Ustecgroup\",\"url\":\"https:\/\/www.ustecgroup.com\/it\/\",\"sameAs\":[],\"logo\":{\"@type\":\"ImageObject\",\"@id\":\"https:\/\/www.ustecgroup.com\/it\/#logo\",\"inLanguage\":\"fr\",\"url\":\"https:\/\/www.ustecgroup.com\/wp-content\/uploads\/sites\/8\/2023\/03\/logo-ustec.png\",\"contentUrl\":\"https:\/\/www.ustecgroup.com\/wp-content\/uploads\/sites\/8\/2023\/03\/logo-ustec.png\",\"width\":400,\"height\":82,\"caption\":\"Ustecgroup\"},\"image\":{\"@id\":\"https:\/\/www.ustecgroup.com\/it\/#logo\"}},{\"@type\":\"WebSite\",\"@id\":\"https:\/\/www.ustecgroup.com\/it\/#website\",\"url\":\"https:\/\/www.ustecgroup.com\/it\/\",\"name\":\"Ustecgroup\",\"description\":\"\",\"publisher\":{\"@id\":\"https:\/\/www.ustecgroup.com\/it\/#organization\"},\"potentialAction\":[{\"@type\":\"SearchAction\",\"target\":{\"@type\":\"EntryPoint\",\"urlTemplate\":\"https:\/\/www.ustecgroup.com\/it\/?s={search_term_string}\"},\"query-input\":\"required name=search_term_string\"}],\"inLanguage\":\"fr\"},{\"@type\":\"ImageObject\",\"@id\":\"https:\/\/www.ustecgroup.com\/fr\/magazine\/#primaryimage\",\"inLanguage\":\"fr\",\"url\":\"https:\/\/www.ustecgroup.com\/wp-content\/uploads\/sites\/8\/2023\/02\/magazine-header-2.jpg\",\"contentUrl\":\"https:\/\/www.ustecgroup.com\/wp-content\/uploads\/sites\/8\/2023\/02\/magazine-header-2.jpg\",\"width\":1920,\"height\":400},{\"@type\":\"WebPage\",\"@id\":\"https:\/\/www.ustecgroup.com\/fr\/magazine\/#webpage\",\"url\":\"https:\/\/www.ustecgroup.com\/fr\/magazine\/\",\"name\":\"Magazine | Ustecgroup\",\"isPartOf\":{\"@id\":\"https:\/\/www.ustecgroup.com\/it\/#website\"},\"primaryImageOfPage\":{\"@id\":\"https:\/\/www.ustecgroup.com\/fr\/magazine\/#primaryimage\"},\"datePublished\":\"2019-03-05T17:12:20+00:00\",\"dateModified\":\"2023-02-27T13:36:52+00:00\",\"description\":\"Nouveaut\\u00e9s produits, \\u00e9v\\u00e9nements et promotions, d\\u00e9couvrez tout sur nous \\u00e0 travers notre magazine d'entreprise.\",\"breadcrumb\":{\"@id\":\"https:\/\/www.ustecgroup.com\/fr\/magazine\/#breadcrumb\"},\"inLanguage\":\"fr\",\"potentialAction\":[{\"@type\":\"ReadAction\",\"target\":[\"https:\/\/www.ustecgroup.com\/fr\/magazine\/\"]}]},{\"@type\":\"BreadcrumbList\",\"@id\":\"https:\/\/www.ustecgroup.com\/fr\/magazine\/#breadcrumb\",\"itemListElement\":[{\"@type\":\"ListItem\",\"position\":1,\"name\":\"Home\",\"item\":\"https:\/\/www.ustecgroup.com\/fr\/\"},{\"@type\":\"ListItem\",\"position\":2,\"name\":\"Magazine\"}]}]}<\/script>\n<!-- \/ Yoast SEO plugin. -->","yoast_head_json":{"title":"Magazine | Ustecgroup","description":"Nouveaut\u00e9s produits, \u00e9v\u00e9nements et promotions, d\u00e9couvrez tout sur nous \u00e0 travers notre magazine d'entreprise.","robots":{"index":"index","follow":"follow","max-snippet":"max-snippet:-1","max-image-preview":"max-image-preview:large","max-video-preview":"max-video-preview:-1"},"canonical":"https:\/\/www.ustecgroup.com\/fr\/magazine\/","og_locale":"fr_FR","og_type":"article","og_title":"Magazine | Ustecgroup","og_description":"Nouveaut\u00e9s produits, \u00e9v\u00e9nements et promotions, d\u00e9couvrez tout sur nous \u00e0 travers notre magazine d'entreprise.","og_url":"https:\/\/www.ustecgroup.com\/fr\/magazine\/","og_site_name":"Ustecgroup","article_modified_time":"2023-02-27T13:36:52+00:00","og_image":[{"width":1920,"height":400,"url":"https:\/\/www.ustecgroup.com\/wp-content\/uploads\/sites\/8\/2023\/02\/magazine-header-2.jpg","type":"image\/jpeg"}],"twitter_card":"summary_large_image","schema":{"@context":"https:\/\/schema.org","@graph":[{"@type":"Organization","@id":"https:\/\/www.ustecgroup.com\/it\/#organization","name":"Ustecgroup","url":"https:\/\/www.ustecgroup.com\/it\/","sameAs":[],"logo":{"@type":"ImageObject","@id":"https:\/\/www.ustecgroup.com\/it\/#logo","inLanguage":"fr","url":"https:\/\/www.ustecgroup.com\/wp-content\/uploads\/sites\/8\/2023\/03\/logo-ustec.png","contentUrl":"https:\/\/www.ustecgroup.com\/wp-content\/uploads\/sites\/8\/2023\/03\/logo-ustec.png","width":400,"height":82,"caption":"Ustecgroup"},"image":{"@id":"https:\/\/www.ustecgroup.com\/it\/#logo"}},{"@type":"WebSite","@id":"https:\/\/www.ustecgroup.com\/it\/#website","url":"https:\/\/www.ustecgroup.com\/it\/","name":"Ustecgroup","description":"","publisher":{"@id":"https:\/\/www.ustecgroup.com\/it\/#organization"},"potentialAction":[{"@type":"SearchAction","target":{"@type":"EntryPoint","urlTemplate":"https:\/\/www.ustecgroup.com\/it\/?s={search_term_string}"},"query-input":"required name=search_term_string"}],"inLanguage":"fr"},{"@type":"ImageObject","@id":"https:\/\/www.ustecgroup.com\/fr\/magazine\/#primaryimage","inLanguage":"fr","url":"https:\/\/www.ustecgroup.com\/wp-content\/uploads\/sites\/8\/2023\/02\/magazine-header-2.jpg","contentUrl":"https:\/\/www.ustecgroup.com\/wp-content\/uploads\/sites\/8\/2023\/02\/magazine-header-2.jpg","width":1920,"height":400},{"@type":"WebPage","@id":"https:\/\/www.ustecgroup.com\/fr\/magazine\/#webpage","url":"https:\/\/www.ustecgroup.com\/fr\/magazine\/","name":"Magazine | Ustecgroup","isPartOf":{"@id":"https:\/\/www.ustecgroup.com\/it\/#website"},"primaryImageOfPage":{"@id":"https:\/\/www.ustecgroup.com\/fr\/magazine\/#primaryimage"},"datePublished":"2019-03-05T17:12:20+00:00","dateModified":"2023-02-27T13:36:52+00:00","description":"Nouveaut\u00e9s produits, \u00e9v\u00e9nements et promotions, d\u00e9couvrez tout sur nous \u00e0 travers notre magazine d'entreprise.","breadcrumb":{"@id":"https:\/\/www.ustecgroup.com\/fr\/magazine\/#breadcrumb"},"inLanguage":"fr","potentialAction":[{"@type":"ReadAction","target":["https:\/\/www.ustecgroup.com\/fr\/magazine\/"]}]},{"@type":"BreadcrumbList","@id":"https:\/\/www.ustecgroup.com\/fr\/magazine\/#breadcrumb","itemListElement":[{"@type":"ListItem","position":1,"name":"Home","item":"https:\/\/www.ustecgroup.com\/fr\/"},{"@type":"ListItem","position":2,"name":"Magazine"}]}]}},"_links":{"self":[{"href":"https:\/\/www.ustecgroup.com\/fr\/wp-json\/wp\/v2\/pages\/1371"}],"collection":[{"href":"https:\/\/www.ustecgroup.com\/fr\/wp-json\/wp\/v2\/pages"}],"about":[{"href":"https:\/\/www.ustecgroup.com\/fr\/wp-json\/wp\/v2\/types\/page"}],"author":[{"embeddable":true,"href":"https:\/\/www.ustecgroup.com\/fr\/wp-json\/wp\/v2\/users\/1"}],"replies":[{"embeddable":true,"href":"https:\/\/www.ustecgroup.com\/fr\/wp-json\/wp\/v2\/comments?post=1371"}],"version-history":[{"count":1,"href":"https:\/\/www.ustecgroup.com\/fr\/wp-json\/wp\/v2\/pages\/1371\/revisions"}],"predecessor-version":[{"id":1372,"href":"https:\/\/www.ustecgroup.com\/fr\/wp-json\/wp\/v2\/pages\/1371\/revisions\/1372"}],"wp:featuredmedia":[{"embeddable":true,"href":"https:\/\/www.ustecgroup.com\/fr\/wp-json\/wp\/v2\/media\/1672"}],"wp:attachment":[{"href":"https:\/\/www.ustecgroup.com\/fr\/wp-json\/wp\/v2\/media?parent=1371"}],"curies":[{"name":"wp","href":"https:\/\/api.w.org\/{rel}","templated":true}]}}